{"id":19909,"date":"2025-07-18T16:56:54","date_gmt":"2025-07-18T14:56:54","guid":{"rendered":"https:\/\/dozersur.com\/?post_type=product&#038;p=19909"},"modified":"2026-04-15T05:41:13","modified_gmt":"2026-04-15T03:41:13","slug":"curso-de-bulldozer","status":"publish","type":"product","link":"https:\/\/dozersur.com\/en\/producto\/curso-de-bulldozer\/","title":{"rendered":"Curso de Bulldozer"},"content":{"rendered":"<h3><strong><span style=\"color: #f5571c; text-decoration: underline; text-decoration-color: #f5571c;\">Curso de Operador de Bulldozer<br \/>\n<\/span><\/strong><u><\/u><\/h3>\n<h4 style=\"margin-bottom: 8px;\"><strong><u>Formaci\u00f3n completa: 100 horas (Teor\u00eda + Pr\u00e1ctica en terreno)<\/u><\/strong><\/h4>\n<h4 style=\"margin: 6px 0;\"><strong>Con certificaci\u00f3n reconocida en el marco de la Uni\u00f3n Europea.<\/strong><\/h4>\n<h4 style=\"margin: 6px 0;\"><strong>\u00bfQuer\u00e9s convertirte en operador profesional de Bulldozer, aprendiendo desde cero y con certificaci\u00f3n reconocida internacionalmente?<\/strong><\/h4>\n<h4 style=\"margin: 6px 0;\"><strong>\u00a1Este curso es tu primer gran paso!<\/strong><\/h4>\n<h4 style=\"margin: 6px 0;\"><strong>Durante 100 horas de formaci\u00f3n intensiva, adquirir\u00e1s todos los conocimientos necesarios para convertirte en operador profesional de Bulldozer, combinando contenido t\u00e9cnico, clases din\u00e1micas y pr\u00e1cticas reales en terreno.<\/strong><\/h4>\n<h4 style=\"margin: 6px 0;\"><strong>A lo largo del curso aprender\u00e1s:<\/strong><\/h4>\n<ul style=\"margin: 10px 0; padding-left: 20px;\">\n<li>\n<h4 style=\"margin: 4px 0;\"><strong>Los or\u00edgenes y evoluci\u00f3n del Bulldozer.<\/strong><\/h4>\n<\/li>\n<li>\n<h4 style=\"margin: 4px 0;\"><strong>El funcionamiento de todos sus componentes.<\/strong><\/h4>\n<\/li>\n<li>\n<h4 style=\"margin: 4px 0;\"><strong>T\u00e9cnicas de operaci\u00f3n, adaptadas a diferentes contextos y necesidades operativas.<\/strong><\/h4>\n<\/li>\n<li>\n<h4 style=\"margin: 4px 0;\"><strong>Normas de seguridad, mantenimiento preventivo y buenas pr\u00e1cticas.<\/strong><\/h4>\n<\/li>\n<\/ul>\n<h4 style=\"margin: 6px 0;\"><strong>Todo el proceso de aprendizaje es guiado por un instructor con m\u00e1s de 25 a\u00f1os de experiencia en maquinaria pesada, que te acompa\u00f1ar\u00e1 desde el aprendizaje te\u00f3rico, con una clase virtual por cada m\u00f3dulo de estudio, hasta la operaci\u00f3n real en campo.<\/strong><\/h4>\n<h4 style=\"margin: 6px 0;\"><strong>Una vez finalizado el curso y aprobadas todas las instancias, obtendr\u00e1s tu diploma, con certificaci\u00f3n reconocida en el marco de la Uni\u00f3n Europea, que te brindar\u00e1 nuevas y mejores oportunidades en el sector de la construcci\u00f3n, miner\u00eda y obras civiles.<\/strong><\/h4>\n","protected":false},"excerpt":{"rendered":"<p><strong style=\"font-size: 16px;\"><span style=\"color: #f5571c;\">Convi\u00e9rtete en Operador de Bulldozer con certificaci\u00f3n reconocida en el marco de la Uni\u00f3n Europea.<br \/>\n<\/span><\/strong><\/p>\n","protected":false},"featured_media":20513,"comment_status":"open","ping_status":"closed","template":"","meta":{"_joinchat":[]},"product_brand":[],"product_cat":[71],"product_tag":[],"class_list":{"0":"post-19909","1":"product","2":"type-product","3":"status-publish","4":"has-post-thumbnail","6":"product_cat-courses","8":"first","9":"instock","10":"virtual","11":"product-type-simple"},"yoast_head":"<!-- This site is optimized with the Yoast SEO plugin v25.3 - https:\/\/yoast.com\/wordpress\/plugins\/seo\/ -->\n<title>Curso de Bulldozer - DOZER SUR<\/title>\n<meta name=\"description\" content=\"Convi\u00e9rtete en Operador de Bulldozer con certificaci\u00f3n reconocida en el marco de la Uni\u00f3n Europea.\" \/>\n<meta name=\"robots\" content=\"index, follow, max-snippet:-1, max-image-preview:large, max-video-preview:-1\" \/>\n<link rel=\"canonical\" href=\"https:\/\/dozersur.com\/producto\/curso-de-bulldozer\/\" \/>\n<meta property=\"og:locale\" content=\"en_US\" \/>\n<meta property=\"og:type\" content=\"article\" \/>\n<meta property=\"og:title\" content=\"Curso de Bulldozer - DOZER SUR\" \/>\n<meta property=\"og:description\" content=\"Convi\u00e9rtete en Operador de Bulldozer con certificaci\u00f3n reconocida en el marco de la Uni\u00f3n Europea.\" \/>\n<meta property=\"og:url\" content=\"https:\/\/dozersur.com\/producto\/curso-de-bulldozer\/\" \/>\n<meta property=\"og:site_name\" content=\"DOZER SUR\" \/>\n<meta property=\"article:modified_time\" content=\"2026-04-15T03:41:13+00:00\" \/>\n<meta property=\"og:image\" content=\"https:\/\/dozersur.com\/wp-content\/uploads\/2025\/07\/Curso-Bulldozer.png\" \/>\n\t<meta property=\"og:image:width\" content=\"500\" \/>\n\t<meta property=\"og:image:height\" content=\"500\" \/>\n\t<meta property=\"og:image:type\" content=\"image\/png\" \/>\n<meta name=\"twitter:card\" content=\"summary_large_image\" \/>\n<meta name=\"twitter:label1\" content=\"Est. reading time\" \/>\n\t<meta name=\"twitter:data1\" content=\"2 minutes\" \/>\n<script type=\"application\/ld+json\" class=\"yoast-schema-graph\">{\"@context\":\"https:\/\/schema.org\",\"@graph\":[{\"@type\":\"WebPage\",\"@id\":\"https:\/\/dozersur.com\/producto\/curso-de-bulldozer\/\",\"url\":\"https:\/\/dozersur.com\/producto\/curso-de-bulldozer\/\",\"name\":\"Curso de Bulldozer - DOZER SUR\",\"isPartOf\":{\"@id\":\"https:\/\/dozersur.com\/#website\"},\"primaryImageOfPage\":{\"@id\":\"https:\/\/dozersur.com\/producto\/curso-de-bulldozer\/#primaryimage\"},\"image\":{\"@id\":\"https:\/\/dozersur.com\/producto\/curso-de-bulldozer\/#primaryimage\"},\"thumbnailUrl\":\"https:\/\/dozersur.com\/wp-content\/uploads\/2025\/07\/Curso-Bulldozer.png\",\"datePublished\":\"2025-07-18T14:56:54+00:00\",\"dateModified\":\"2026-04-15T03:41:13+00:00\",\"description\":\"Convi\u00e9rtete en Operador de Bulldozer con certificaci\u00f3n reconocida en el marco de la Uni\u00f3n Europea.\",\"breadcrumb\":{\"@id\":\"https:\/\/dozersur.com\/producto\/curso-de-bulldozer\/#breadcrumb\"},\"inLanguage\":\"en-US\",\"potentialAction\":[{\"@type\":\"ReadAction\",\"target\":[\"https:\/\/dozersur.com\/producto\/curso-de-bulldozer\/\"]}]},{\"@type\":\"ImageObject\",\"inLanguage\":\"en-US\",\"@id\":\"https:\/\/dozersur.com\/producto\/curso-de-bulldozer\/#primaryimage\",\"url\":\"https:\/\/dozersur.com\/wp-content\/uploads\/2025\/07\/Curso-Bulldozer.png\",\"contentUrl\":\"https:\/\/dozersur.com\/wp-content\/uploads\/2025\/07\/Curso-Bulldozer.png\",\"width\":500,\"height\":500},{\"@type\":\"BreadcrumbList\",\"@id\":\"https:\/\/dozersur.com\/producto\/curso-de-bulldozer\/#breadcrumb\",\"itemListElement\":[{\"@type\":\"ListItem\",\"position\":1,\"name\":\"Portada\",\"item\":\"https:\/\/dozersur.com\/\"},{\"@type\":\"ListItem\",\"position\":2,\"name\":\"Shop\",\"item\":\"https:\/\/dozersur.com\/en\/shop\/\"},{\"@type\":\"ListItem\",\"position\":3,\"name\":\"Curso de Bulldozer\"}]},{\"@type\":\"WebSite\",\"@id\":\"https:\/\/dozersur.com\/#website\",\"url\":\"https:\/\/dozersur.com\/\",\"name\":\"DOZER SUR\",\"description\":\"Tus aliados en el terreno\",\"publisher\":{\"@id\":\"https:\/\/dozersur.com\/#organization\"},\"potentialAction\":[{\"@type\":\"SearchAction\",\"target\":{\"@type\":\"EntryPoint\",\"urlTemplate\":\"https:\/\/dozersur.com\/?s={search_term_string}\"},\"query-input\":{\"@type\":\"PropertyValueSpecification\",\"valueRequired\":true,\"valueName\":\"search_term_string\"}}],\"inLanguage\":\"en-US\"},{\"@type\":\"Organization\",\"@id\":\"https:\/\/dozersur.com\/#organization\",\"name\":\"DOZER SUR\",\"url\":\"https:\/\/dozersur.com\/\",\"logo\":{\"@type\":\"ImageObject\",\"inLanguage\":\"en-US\",\"@id\":\"https:\/\/dozersur.com\/#\/schema\/logo\/image\/\",\"url\":\"https:\/\/dozersur.com\/wp-content\/uploads\/2025\/09\/LOGO-DOZER-SUR-PDF-TRANSPARENTE-CON-SLOGAN.png\",\"contentUrl\":\"https:\/\/dozersur.com\/wp-content\/uploads\/2025\/09\/LOGO-DOZER-SUR-PDF-TRANSPARENTE-CON-SLOGAN.png\",\"width\":378,\"height\":250,\"caption\":\"DOZER SUR\"},\"image\":{\"@id\":\"https:\/\/dozersur.com\/#\/schema\/logo\/image\/\"}}]}<\/script>\n<!-- \/ Yoast SEO plugin. -->","yoast_head_json":{"title":"Curso de Bulldozer - DOZER SUR","description":"Convi\u00e9rtete en Operador de Bulldozer con certificaci\u00f3n reconocida en el marco de la Uni\u00f3n Europea.","robots":{"index":"index","follow":"follow","max-snippet":"max-snippet:-1","max-image-preview":"max-image-preview:large","max-video-preview":"max-video-preview:-1"},"canonical":"https:\/\/dozersur.com\/producto\/curso-de-bulldozer\/","og_locale":"en_US","og_type":"article","og_title":"Curso de Bulldozer - DOZER SUR","og_description":"Convi\u00e9rtete en Operador de Bulldozer con certificaci\u00f3n reconocida en el marco de la Uni\u00f3n Europea.","og_url":"https:\/\/dozersur.com\/producto\/curso-de-bulldozer\/","og_site_name":"DOZER SUR","article_modified_time":"2026-04-15T03:41:13+00:00","og_image":[{"width":500,"height":500,"url":"https:\/\/dozersur.com\/wp-content\/uploads\/2025\/07\/Curso-Bulldozer.png","type":"image\/png"}],"twitter_card":"summary_large_image","twitter_misc":{"Est. reading time":"2 minutes"},"schema":{"@context":"https:\/\/schema.org","@graph":[{"@type":"WebPage","@id":"https:\/\/dozersur.com\/producto\/curso-de-bulldozer\/","url":"https:\/\/dozersur.com\/producto\/curso-de-bulldozer\/","name":"Curso de Bulldozer - DOZER SUR","isPartOf":{"@id":"https:\/\/dozersur.com\/#website"},"primaryImageOfPage":{"@id":"https:\/\/dozersur.com\/producto\/curso-de-bulldozer\/#primaryimage"},"image":{"@id":"https:\/\/dozersur.com\/producto\/curso-de-bulldozer\/#primaryimage"},"thumbnailUrl":"https:\/\/dozersur.com\/wp-content\/uploads\/2025\/07\/Curso-Bulldozer.png","datePublished":"2025-07-18T14:56:54+00:00","dateModified":"2026-04-15T03:41:13+00:00","description":"Convi\u00e9rtete en Operador de Bulldozer con certificaci\u00f3n reconocida en el marco de la Uni\u00f3n Europea.","breadcrumb":{"@id":"https:\/\/dozersur.com\/producto\/curso-de-bulldozer\/#breadcrumb"},"inLanguage":"en-US","potentialAction":[{"@type":"ReadAction","target":["https:\/\/dozersur.com\/producto\/curso-de-bulldozer\/"]}]},{"@type":"ImageObject","inLanguage":"en-US","@id":"https:\/\/dozersur.com\/producto\/curso-de-bulldozer\/#primaryimage","url":"https:\/\/dozersur.com\/wp-content\/uploads\/2025\/07\/Curso-Bulldozer.png","contentUrl":"https:\/\/dozersur.com\/wp-content\/uploads\/2025\/07\/Curso-Bulldozer.png","width":500,"height":500},{"@type":"BreadcrumbList","@id":"https:\/\/dozersur.com\/producto\/curso-de-bulldozer\/#breadcrumb","itemListElement":[{"@type":"ListItem","position":1,"name":"Portada","item":"https:\/\/dozersur.com\/"},{"@type":"ListItem","position":2,"name":"Shop","item":"https:\/\/dozersur.com\/en\/shop\/"},{"@type":"ListItem","position":3,"name":"Curso de Bulldozer"}]},{"@type":"WebSite","@id":"https:\/\/dozersur.com\/#website","url":"https:\/\/dozersur.com\/","name":"DOZER SUR","description":"Tus aliados en el terreno","publisher":{"@id":"https:\/\/dozersur.com\/#organization"},"potentialAction":[{"@type":"SearchAction","target":{"@type":"EntryPoint","urlTemplate":"https:\/\/dozersur.com\/?s={search_term_string}"},"query-input":{"@type":"PropertyValueSpecification","valueRequired":true,"valueName":"search_term_string"}}],"inLanguage":"en-US"},{"@type":"Organization","@id":"https:\/\/dozersur.com\/#organization","name":"DOZER SUR","url":"https:\/\/dozersur.com\/","logo":{"@type":"ImageObject","inLanguage":"en-US","@id":"https:\/\/dozersur.com\/#\/schema\/logo\/image\/","url":"https:\/\/dozersur.com\/wp-content\/uploads\/2025\/09\/LOGO-DOZER-SUR-PDF-TRANSPARENTE-CON-SLOGAN.png","contentUrl":"https:\/\/dozersur.com\/wp-content\/uploads\/2025\/09\/LOGO-DOZER-SUR-PDF-TRANSPARENTE-CON-SLOGAN.png","width":378,"height":250,"caption":"DOZER SUR"},"image":{"@id":"https:\/\/dozersur.com\/#\/schema\/logo\/image\/"}}]}},"_links":{"self":[{"href":"https:\/\/dozersur.com\/en\/wp-json\/wp\/v2\/product\/19909","targetHints":{"allow":["GET"]}}],"collection":[{"href":"https:\/\/dozersur.com\/en\/wp-json\/wp\/v2\/product"}],"about":[{"href":"https:\/\/dozersur.com\/en\/wp-json\/wp\/v2\/types\/product"}],"replies":[{"embeddable":true,"href":"https:\/\/dozersur.com\/en\/wp-json\/wp\/v2\/comments?post=19909"}],"wp:featuredmedia":[{"embeddable":true,"href":"https:\/\/dozersur.com\/en\/wp-json\/wp\/v2\/media\/20513"}],"wp:attachment":[{"href":"https:\/\/dozersur.com\/en\/wp-json\/wp\/v2\/media?parent=19909"}],"wp:term":[{"taxonomy":"product_brand","embeddable":true,"href":"https:\/\/dozersur.com\/en\/wp-json\/wp\/v2\/product_brand?post=19909"},{"taxonomy":"product_cat","embeddable":true,"href":"https:\/\/dozersur.com\/en\/wp-json\/wp\/v2\/product_cat?post=19909"},{"taxonomy":"product_tag","embeddable":true,"href":"https:\/\/dozersur.com\/en\/wp-json\/wp\/v2\/product_tag?post=19909"}],"curies":[{"name":"wp","href":"https:\/\/api.w.org\/{rel}","templated":true}]}}